{"id":8974,"date":"2024-08-26T04:57:33","date_gmt":"2024-08-26T04:57:33","guid":{"rendered":"https:\/\/www.asahiaviation.com\/?page_id=8974"},"modified":"2025-10-22T16:01:16","modified_gmt":"2025-10-22T07:01:16","slug":"contact","status":"publish","type":"page","link":"https:\/\/www.asahiaviation.com\/en\/contact","title":{"rendered":"Contact Us"},"content":{"rendered":"\n<p>Hi there,<br>We are looking forward to hearing from you. Please feel free to get in touch via the form below, we will get back to you as soon as possible.<\/p>\n\n\n\n<p>Asahi Aviation Inc.<br>7545 Irvine Center Drive, Suite 200<br>Irvine, CA 92618, U.S.A.<\/p>\n\n\n\n<div class=\"wp-block-contact-form-7-contact-form-selector\">\n<div class=\"wpcf7 no-js\" id=\"wpcf7-f8982-o1\" lang=\"ja\" dir=\"ltr\" data-wpcf7-id=\"8982\">\n<div class=\"screen-reader-response\"><p role=\"status\" aria-live=\"polite\" aria-atomic=\"true\"><\/p> <ul><\/ul><\/div>\n<form action=\"\/en\/wp-json\/wp\/v2\/pages\/8974#wpcf7-f8982-o1\" method=\"post\" class=\"wpcf7-form init\" aria-label=\"\u30b3\u30f3\u30bf\u30af\u30c8\u30d5\u30a9\u30fc\u30e0\" novalidate=\"novalidate\" data-status=\"init\">\n<fieldset class=\"hidden-fields-container\"><input type=\"hidden\" name=\"_wpcf7\" value=\"8982\" \/><input type=\"hidden\" name=\"_wpcf7_version\" value=\"6.1.3\" \/><input type=\"hidden\" name=\"_wpcf7_locale\" value=\"ja\" \/><input type=\"hidden\" name=\"_wpcf7_unit_tag\" value=\"wpcf7-f8982-o1\" \/><input type=\"hidden\" name=\"_wpcf7_container_post\" value=\"0\" \/><input type=\"hidden\" name=\"_wpcf7_posted_data_hash\" value=\"\" \/>\n<\/fieldset>\n<table class=\"CF7_table\">\n\t<tr>\n\t\t<th>\n\t\t\t<p><span class=\"CF7_req\">Required<\/span>Category\n\t\t\t<\/p>\n\t\t<\/th>\n\t\t<td>\n\t\t\t<p><span class=\"wpcf7-form-control-wrap\" data-name=\"checkbox-inq\"><span class=\"wpcf7-form-control wpcf7-checkbox wpcf7-validates-as-required\"><span class=\"wpcf7-list-item first\"><input type=\"checkbox\" name=\"checkbox-inq[]\" value=\"Job application\" \/><span class=\"wpcf7-list-item-label\">Job application<\/span><\/span><span class=\"wpcf7-list-item last\"><input type=\"checkbox\" name=\"checkbox-inq[]\" value=\"other\" \/><span class=\"wpcf7-list-item-label\">other<\/span><\/span><\/span><\/span>\n\t\t\t<\/p>\n\t\t<\/td>\n\t<\/tr>\n\t<tr>\n\t\t<th>\n\t\t\t<p><span class=\"CF7_req\">Required<\/span>Name\n\t\t\t<\/p>\n\t\t<\/th>\n\t\t<td>\n\t\t\t<p><span class=\"wpcf7-form-control-wrap\" data-name=\"your-name\"><input size=\"40\" maxlength=\"400\" class=\"wpcf7-form-control wpcf7-text wpcf7-validates-as-required\" aria-required=\"true\" aria-invalid=\"false\" placeholder=\"your name\" value=\"\" type=\"text\" name=\"your-name\" \/><\/span>\n\t\t\t<\/p>\n\t\t<\/td>\n\t<\/tr>\n\t<tr>\n\t\t<th>\n\t\t\t<p><span class=\"CF7_req\">Required<\/span>E-mail\n\t\t\t<\/p>\n\t\t<\/th>\n\t\t<td>\n\t\t\t<p><span class=\"wpcf7-form-control-wrap\" data-name=\"your-email\"><input size=\"40\" maxlength=\"400\" class=\"wpcf7-form-control wpcf7-email wpcf7-validates-as-required wpcf7-text wpcf7-validates-as-email\" aria-required=\"true\" aria-invalid=\"false\" placeholder=\"\u00d7\u00d7\u00d7@\u00d7\u00d7\u00d7.com\" value=\"\" type=\"email\" name=\"your-email\" \/><\/span>\n\t\t\t<\/p>\n\t\t<\/td>\n\t<\/tr>\n\t<tr>\n\t\t<th>\n\t\t\t<p><span class=\"CF7_req\">Required<\/span>Message\n\t\t\t<\/p>\n\t\t<\/th>\n\t\t<td class=\"message-100\">\n\t\t\t<p><span class=\"wpcf7-form-control-wrap\" data-name=\"your-message\"><textarea cols=\"40\" rows=\"10\" maxlength=\"2000\" class=\"wpcf7-form-control wpcf7-textarea wpcf7-validates-as-required\" aria-required=\"true\" aria-invalid=\"false\" placeholder=\"write your message\" name=\"your-message\"><\/textarea><\/span>\n\t\t\t<\/p>\n\t\t<\/td>\n\t<\/tr>\n<\/table>\n<p class=\"CF7_btn\"><input class=\"wpcf7-form-control wpcf7-submit has-spinner\" type=\"submit\" value=\"Send\" \/>\n<\/p><div class=\"wpcf7-response-output\" aria-hidden=\"true\"><\/div>\n<\/form>\n<\/div>\n<\/div>\n","protected":false},"excerpt":{"rendered":"<p>Hi there,We are looking forward to hearing from you. Please feel free to get in touch via the form below, we will get back to you as soon as possible. Asahi Aviation Inc.7545 Irvine Center Drive, Suite 200Irvine, CA 92618, U.S.A.<\/p>\n","protected":false},"author":80,"featured_media":0,"parent":0,"menu_order":0,"comment_status":"closed","ping_status":"closed","template":"","meta":{"swell_btn_cv_data":"","jetpack_post_was_ever_published":false,"_locale":"en_US","_original_post":"https:\/\/www.asahiaviation.com\/contact-us\/","footnotes":""},"class_list":["post-8974","page","type-page","status-publish","hentry","en-US"],"yoast_head":"<!-- This site is optimized with the Yoast SEO plugin v27.2 - https:\/\/yoast.com\/product\/yoast-seo-wordpress\/ -->\n<title>Contact Us - \u65ed\u30a2\u30d3\u30a8\u30fc\u30b7\u30e7\u30f3\u682a\u5f0f\u4f1a\u793e<\/title>\n<meta name=\"robots\" content=\"index, follow, max-snippet:-1, max-image-preview:large, max-video-preview:-1\" \/>\n<link rel=\"canonical\" href=\"https:\/\/www.asahiaviation.com\/en\/contact\" \/>\n<meta property=\"og:locale\" content=\"en_US\" \/>\n<meta property=\"og:type\" content=\"article\" \/>\n<meta property=\"og:title\" content=\"Contact Us - \u65ed\u30a2\u30d3\u30a8\u30fc\u30b7\u30e7\u30f3\u682a\u5f0f\u4f1a\u793e\" \/>\n<meta property=\"og:description\" content=\"Hi there,We are looking forward to hearing from you. Please feel free to get in touch via the form below, we will get back to you as soon as possible. Asahi Aviation Inc.7545 Irvine Center Drive, Suite 200Irvine, CA 92618, U.S.A.\" \/>\n<meta property=\"og:url\" content=\"https:\/\/www.asahiaviation.com\/en\/contact\" \/>\n<meta property=\"og:site_name\" content=\"\u65ed\u30a2\u30d3\u30a8\u30fc\u30b7\u30e7\u30f3\u682a\u5f0f\u4f1a\u793e\" \/>\n<meta property=\"article:modified_time\" content=\"2025-10-22T07:01:16+00:00\" \/>\n<meta name=\"twitter:card\" content=\"summary_large_image\" \/>\n<script type=\"application\/ld+json\" class=\"yoast-schema-graph\">{\"@context\":\"https:\/\/schema.org\",\"@graph\":[{\"@type\":\"WebPage\",\"@id\":\"https:\/\/www.asahiaviation.com\/en\/contact\",\"url\":\"https:\/\/www.asahiaviation.com\/en\/contact\",\"name\":\"Contact Us - \u65ed\u30a2\u30d3\u30a8\u30fc\u30b7\u30e7\u30f3\u682a\u5f0f\u4f1a\u793e\",\"isPartOf\":{\"@id\":\"https:\/\/www.asahiaviation.com\/#website\"},\"datePublished\":\"2024-08-26T04:57:33+00:00\",\"dateModified\":\"2025-10-22T07:01:16+00:00\",\"breadcrumb\":{\"@id\":\"https:\/\/www.asahiaviation.com\/en\/contact#breadcrumb\"},\"inLanguage\":\"en-US\",\"potentialAction\":[{\"@type\":\"ReadAction\",\"target\":[\"https:\/\/www.asahiaviation.com\/en\/contact\"]}]},{\"@type\":\"BreadcrumbList\",\"@id\":\"https:\/\/www.asahiaviation.com\/en\/contact#breadcrumb\",\"itemListElement\":[{\"@type\":\"ListItem\",\"position\":1,\"name\":\"\u30db\u30fc\u30e0\",\"item\":\"https:\/\/www.asahiaviation.com\/en\/\"},{\"@type\":\"ListItem\",\"position\":2,\"name\":\"Contact Us\"}]},{\"@type\":\"WebSite\",\"@id\":\"https:\/\/www.asahiaviation.com\/#website\",\"url\":\"https:\/\/www.asahiaviation.com\/\",\"name\":\"\u65ed\u30a2\u30d3\u30a8\u30fc\u30b7\u30e7\u30f3\u682a\u5f0f\u4f1a\u793e\",\"description\":\"Asahi Aviation\",\"potentialAction\":[{\"@type\":\"SearchAction\",\"target\":{\"@type\":\"EntryPoint\",\"urlTemplate\":\"https:\/\/www.asahiaviation.com\/?s={search_term_string}\"},\"query-input\":{\"@type\":\"PropertyValueSpecification\",\"valueRequired\":true,\"valueName\":\"search_term_string\"}}],\"inLanguage\":\"en-US\"}]}<\/script>\n<!-- \/ Yoast SEO plugin. -->","yoast_head_json":{"title":"Contact Us - \u65ed\u30a2\u30d3\u30a8\u30fc\u30b7\u30e7\u30f3\u682a\u5f0f\u4f1a\u793e","robots":{"index":"index","follow":"follow","max-snippet":"max-snippet:-1","max-image-preview":"max-image-preview:large","max-video-preview":"max-video-preview:-1"},"canonical":"https:\/\/www.asahiaviation.com\/en\/contact","og_locale":"en_US","og_type":"article","og_title":"Contact Us - \u65ed\u30a2\u30d3\u30a8\u30fc\u30b7\u30e7\u30f3\u682a\u5f0f\u4f1a\u793e","og_description":"Hi there,We are looking forward to hearing from you. Please feel free to get in touch via the form below, we will get back to you as soon as possible. Asahi Aviation Inc.7545 Irvine Center Drive, Suite 200Irvine, CA 92618, U.S.A.","og_url":"https:\/\/www.asahiaviation.com\/en\/contact","og_site_name":"\u65ed\u30a2\u30d3\u30a8\u30fc\u30b7\u30e7\u30f3\u682a\u5f0f\u4f1a\u793e","article_modified_time":"2025-10-22T07:01:16+00:00","twitter_card":"summary_large_image","schema":{"@context":"https:\/\/schema.org","@graph":[{"@type":"WebPage","@id":"https:\/\/www.asahiaviation.com\/en\/contact","url":"https:\/\/www.asahiaviation.com\/en\/contact","name":"Contact Us - \u65ed\u30a2\u30d3\u30a8\u30fc\u30b7\u30e7\u30f3\u682a\u5f0f\u4f1a\u793e","isPartOf":{"@id":"https:\/\/www.asahiaviation.com\/#website"},"datePublished":"2024-08-26T04:57:33+00:00","dateModified":"2025-10-22T07:01:16+00:00","breadcrumb":{"@id":"https:\/\/www.asahiaviation.com\/en\/contact#breadcrumb"},"inLanguage":"en-US","potentialAction":[{"@type":"ReadAction","target":["https:\/\/www.asahiaviation.com\/en\/contact"]}]},{"@type":"BreadcrumbList","@id":"https:\/\/www.asahiaviation.com\/en\/contact#breadcrumb","itemListElement":[{"@type":"ListItem","position":1,"name":"\u30db\u30fc\u30e0","item":"https:\/\/www.asahiaviation.com\/en\/"},{"@type":"ListItem","position":2,"name":"Contact Us"}]},{"@type":"WebSite","@id":"https:\/\/www.asahiaviation.com\/#website","url":"https:\/\/www.asahiaviation.com\/","name":"\u65ed\u30a2\u30d3\u30a8\u30fc\u30b7\u30e7\u30f3\u682a\u5f0f\u4f1a\u793e","description":"Asahi Aviation","potentialAction":[{"@type":"SearchAction","target":{"@type":"EntryPoint","urlTemplate":"https:\/\/www.asahiaviation.com\/?s={search_term_string}"},"query-input":{"@type":"PropertyValueSpecification","valueRequired":true,"valueName":"search_term_string"}}],"inLanguage":"en-US"}]}},"jetpack_sharing_enabled":true,"jetpack_shortlink":"https:\/\/wp.me\/P9QQY5-2kK","_links":{"self":[{"href":"https:\/\/www.asahiaviation.com\/wp-json\/wp\/v2\/pages\/8974","targetHints":{"allow":["GET"]}}],"collection":[{"href":"https:\/\/www.asahiaviation.com\/wp-json\/wp\/v2\/pages"}],"about":[{"href":"https:\/\/www.asahiaviation.com\/wp-json\/wp\/v2\/types\/page"}],"author":[{"embeddable":true,"href":"https:\/\/www.asahiaviation.com\/wp-json\/wp\/v2\/users\/80"}],"replies":[{"embeddable":true,"href":"https:\/\/www.asahiaviation.com\/wp-json\/wp\/v2\/comments?post=8974"}],"version-history":[{"count":0,"href":"https:\/\/www.asahiaviation.com\/wp-json\/wp\/v2\/pages\/8974\/revisions"}],"wp:attachment":[{"href":"https:\/\/www.asahiaviation.com\/wp-json\/wp\/v2\/media?parent=8974"}],"curies":[{"name":"wp","href":"https:\/\/api.w.org\/{rel}","templated":true}]}}